{"id":18,"date":"2025-06-05T10:14:40","date_gmt":"2025-06-05T08:14:40","guid":{"rendered":"http:\/\/www.rkz-distribution.com\/?page_id=18"},"modified":"2025-06-23T14:36:05","modified_gmt":"2025-06-23T12:36:05","slug":"nous-contacter","status":"publish","type":"page","link":"https:\/\/www.rkz-distribution.com\/index.php\/nous-contacter\/","title":{"rendered":"Nous contacter"},"content":{"rendered":"\t\t<div data-elementor-type=\"wp-page\" data-elementor-id=\"18\" class=\"elementor elementor-18\">\n\t\t\t\t<div class=\"elementor-element elementor-element-f6977e0 elementor-hidden-mobile e-flex e-con-boxed e-con e-parent\" data-id=\"f6977e0\" data-element_type=\"container\" data-e-type=\"container\" data-settings=\"{&quot;background_background&quot;:&quot;classic&quot;}\">\n\t\t\t\t\t<div class=\"e-con-inner\">\n\t\t<div class=\"elementor-element elementor-element-496e2a2 e-con-full e-flex e-con e-child\" data-id=\"496e2a2\" data-element_type=\"container\" data-e-type=\"container\">\n\t\t\t\t<div class=\"elementor-element elementor-element-f925eff elementor-widget elementor-widget-heading\" data-id=\"f925eff\" data-element_type=\"widget\" data-e-type=\"widget\" data-widget_type=\"heading.default\">\n\t\t\t\t<div class=\"elementor-widget-container\">\n\t\t\t\t\t<h1 class=\"elementor-heading-title elementor-size-default\">Ouvrir un compte chez RKZ|Distribution<\/h1>\t\t\t\t<\/div>\n\t\t\t\t<\/div>\n\t\t\t\t<div class=\"elementor-element elementor-element-961439d elementor-widget__width-initial elementor-widget elementor-widget-image\" data-id=\"961439d\" data-element_type=\"widget\" data-e-type=\"widget\" data-widget_type=\"image.default\">\n\t\t\t\t<div class=\"elementor-widget-container\">\n\t\t\t\t\t\t\t\t\t\t\t\t\t\t\t<img fetchpriority=\"high\" decoding=\"async\" width=\"800\" height=\"93\" src=\"https:\/\/www.rkz-distribution.com\/wp-content\/uploads\/2025\/06\/brandmark-design-3-1024x119.png\" class=\"attachment-large size-large wp-image-28\" alt=\"\" srcset=\"https:\/\/www.rkz-distribution.com\/wp-content\/uploads\/2025\/06\/brandmark-design-3-1024x119.png 1024w, https:\/\/www.rkz-distribution.com\/wp-content\/uploads\/2025\/06\/brandmark-design-3-300x35.png 300w, https:\/\/www.rkz-distribution.com\/wp-content\/uploads\/2025\/06\/brandmark-design-3-768x89.png 768w, https:\/\/www.rkz-distribution.com\/wp-content\/uploads\/2025\/06\/brandmark-design-3-1536x179.png 1536w, https:\/\/www.rkz-distribution.com\/wp-content\/uploads\/2025\/06\/brandmark-design-3.png 1686w\" sizes=\"(max-width: 800px) 100vw, 800px\" \/>\t\t\t\t\t\t\t\t\t\t\t\t\t\t\t<\/div>\n\t\t\t\t<\/div>\n\t\t\t\t<div class=\"elementor-element elementor-element-5eb061f elementor-widget__width-initial elementor-hidden-mobile elementor-widget elementor-widget-text-editor\" data-id=\"5eb061f\" data-element_type=\"widget\" data-e-type=\"widget\" data-widget_type=\"text-editor.default\">\n\t\t\t\t<div class=\"elementor-widget-container\">\n\t\t\t\t\t\t\t\t\t<p>Notre \u00e9quipe est \u00e0 votre \u00e9coute \u2013 contactez-nous.<\/p>\t\t\t\t\t\t\t\t<\/div>\n\t\t\t\t<\/div>\n\t\t\t\t<\/div>\n\t\t\t\t<div class=\"elementor-element elementor-element-87391c2 elementor-widget__width-initial animated-slow elementor-widget-mobile__width-initial elementor-hidden-mobile elementor-invisible elementor-widget elementor-widget-image\" data-id=\"87391c2\" data-element_type=\"widget\" data-e-type=\"widget\" data-settings=\"{&quot;_animation&quot;:&quot;fadeInRight&quot;}\" data-widget_type=\"image.default\">\n\t\t\t\t<div class=\"elementor-widget-container\">\n\t\t\t\t\t\t\t\t\t\t\t\t\t\t\t<img decoding=\"async\" width=\"800\" height=\"800\" src=\"https:\/\/www.rkz-distribution.com\/wp-content\/uploads\/2025\/06\/xiaomi_redmi_note_14_pro_plus_5g_lavanda_01_l-1.png\" class=\"attachment-large size-large wp-image-997\" alt=\"\" srcset=\"https:\/\/www.rkz-distribution.com\/wp-content\/uploads\/2025\/06\/xiaomi_redmi_note_14_pro_plus_5g_lavanda_01_l-1.png 800w, https:\/\/www.rkz-distribution.com\/wp-content\/uploads\/2025\/06\/xiaomi_redmi_note_14_pro_plus_5g_lavanda_01_l-1-300x300.png 300w, https:\/\/www.rkz-distribution.com\/wp-content\/uploads\/2025\/06\/xiaomi_redmi_note_14_pro_plus_5g_lavanda_01_l-1-150x150.png 150w, https:\/\/www.rkz-distribution.com\/wp-content\/uploads\/2025\/06\/xiaomi_redmi_note_14_pro_plus_5g_lavanda_01_l-1-768x768.png 768w\" sizes=\"(max-width: 800px) 100vw, 800px\" \/>\t\t\t\t\t\t\t\t\t\t\t\t\t\t\t<\/div>\n\t\t\t\t<\/div>\n\t\t\t\t\t<\/div>\n\t\t\t\t<\/div>\n\t\t<div class=\"elementor-element elementor-element-336e1c0 e-flex e-con-boxed e-con e-parent\" data-id=\"336e1c0\" data-element_type=\"container\" data-e-type=\"container\">\n\t\t\t\t\t<div class=\"e-con-inner\">\n\t\t<div class=\"elementor-element elementor-element-5245d8b e-con-full e-flex e-con e-child\" data-id=\"5245d8b\" data-element_type=\"container\" data-e-type=\"container\">\n\t\t\t\t<div class=\"elementor-element elementor-element-1967446 elementor-widget elementor-widget-heading\" data-id=\"1967446\" data-element_type=\"widget\" data-e-type=\"widget\" data-widget_type=\"heading.default\">\n\t\t\t\t<div class=\"elementor-widget-container\">\n\t\t\t\t\t<h2 class=\"elementor-heading-title elementor-size-default\">Nous contacter<\/h2>\t\t\t\t<\/div>\n\t\t\t\t<\/div>\n\t\t\t\t<div class=\"elementor-element elementor-element-229710b elementor-widget elementor-widget-text-editor\" data-id=\"229710b\" data-element_type=\"widget\" data-e-type=\"widget\" data-widget_type=\"text-editor.default\">\n\t\t\t\t<div class=\"elementor-widget-container\">\n\t\t\t\t\t\t\t\t\t<p>Professionnels, pour vos besoins en t\u00e9l\u00e9phones, tablettes et accessoires, faites confiance \u00e0 un distributeur r\u00e9actif et \u00e0 votre \u00e9coute.\u00a0<\/p>\t\t\t\t\t\t\t\t<\/div>\n\t\t\t\t<\/div>\n\t\t\t\t<div class=\"elementor-element elementor-element-7f59f20 elementor-icon-list--layout-traditional elementor-list-item-link-full_width elementor-widget elementor-widget-icon-list\" data-id=\"7f59f20\" data-element_type=\"widget\" data-e-type=\"widget\" data-widget_type=\"icon-list.default\">\n\t\t\t\t<div class=\"elementor-widget-container\">\n\t\t\t\t\t\t\t<ul class=\"elementor-icon-list-items\">\n\t\t\t\t\t\t\t<li class=\"elementor-icon-list-item\">\n\t\t\t\t\t\t\t\t\t\t\t<span class=\"elementor-icon-list-icon\">\n\t\t\t\t\t\t\t<svg aria-hidden=\"true\" class=\"e-font-icon-svg e-fas-phone-alt\" viewBox=\"0 0 512 512\" xmlns=\"http:\/\/www.w3.org\/2000\/svg\"><path d=\"M497.39 361.8l-112-48a24 24 0 0 0-28 6.9l-49.6 60.6A370.66 370.66 0 0 1 130.6 204.11l60.6-49.6a23.94 23.94 0 0 0 6.9-28l-48-112A24.16 24.16 0 0 0 122.6.61l-104 24A24 24 0 0 0 0 48c0 256.5 207.9 464 464 464a24 24 0 0 0 23.4-18.6l24-104a24.29 24.29 0 0 0-14.01-27.6z\"><\/path><\/svg>\t\t\t\t\t\t<\/span>\n\t\t\t\t\t\t\t\t\t\t<span class=\"elementor-icon-list-text\">09.75.31.79.22<\/span>\n\t\t\t\t\t\t\t\t\t<\/li>\n\t\t\t\t\t\t\t\t<li class=\"elementor-icon-list-item\">\n\t\t\t\t\t\t\t\t\t\t\t<a href=\"http:\/\/contact@rkz-distribution.com\">\n\n\t\t\t\t\t\t\t\t\t\t\t\t<span class=\"elementor-icon-list-icon\">\n\t\t\t\t\t\t\t<svg aria-hidden=\"true\" class=\"e-font-icon-svg e-fas-envelope\" viewBox=\"0 0 512 512\" xmlns=\"http:\/\/www.w3.org\/2000\/svg\"><path d=\"M502.3 190.8c3.9-3.1 9.7-.2 9.7 4.7V400c0 26.5-21.5 48-48 48H48c-26.5 0-48-21.5-48-48V195.6c0-5 5.7-7.8 9.7-4.7 22.4 17.4 52.1 39.5 154.1 113.6 21.1 15.4 56.7 47.8 92.2 47.6 35.7.3 72-32.8 92.3-47.6 102-74.1 131.6-96.3 154-113.7zM256 320c23.2.4 56.6-29.2 73.4-41.4 132.7-96.3 142.8-104.7 173.4-128.7 5.8-4.5 9.2-11.5 9.2-18.9v-19c0-26.5-21.5-48-48-48H48C21.5 64 0 85.5 0 112v19c0 7.4 3.4 14.3 9.2 18.9 30.6 23.9 40.7 32.4 173.4 128.7 16.8 12.2 50.2 41.8 73.4 41.4z\"><\/path><\/svg>\t\t\t\t\t\t<\/span>\n\t\t\t\t\t\t\t\t\t\t<span class=\"elementor-icon-list-text\">contact@rkz-distribution.com<\/span>\n\t\t\t\t\t\t\t\t\t\t\t<\/a>\n\t\t\t\t\t\t\t\t\t<\/li>\n\t\t\t\t\t\t<\/ul>\n\t\t\t\t\t\t<\/div>\n\t\t\t\t<\/div>\n\t\t\t\t<div class=\"elementor-element elementor-element-c0378b5 elementor-widget elementor-widget-text-editor\" data-id=\"c0378b5\" data-element_type=\"widget\" data-e-type=\"widget\" data-widget_type=\"text-editor.default\">\n\t\t\t\t<div class=\"elementor-widget-container\">\n\t\t\t\t\t\t\t\t\t<p>Ouvrir un compte chez RKZ|Distribution<\/p>\t\t\t\t\t\t\t\t<\/div>\n\t\t\t\t<\/div>\n\t\t\t\t<\/div>\n\t\t<div class=\"elementor-element elementor-element-2139b00 e-con-full e-flex e-con e-child\" data-id=\"2139b00\" data-element_type=\"container\" data-e-type=\"container\">\n\t\t\t\t<div class=\"elementor-element elementor-element-d50126f elementor-widget elementor-widget-wpforms\" data-id=\"d50126f\" data-element_type=\"widget\" data-e-type=\"widget\" data-widget_type=\"wpforms.default\">\n\t\t\t\t<div class=\"elementor-widget-container\">\n\t\t\t\t\t<style id=\"wpforms-css-vars-elementor-widget-d50126f\">\n\t\t\t\t.elementor-widget-wpforms.elementor-element-d50126f {\n\t\t\t\t--wpforms-field-border-color: #852A9F;\n--wpforms-field-border-color-spare: #852A9F;\n--wpforms-button-background-color: #852A9F;\n--wpforms-field-text-color: #852A9F;\n\t\t\t}\n\t\t\t<\/style><div class=\"wpforms-container wpforms-container-full wpforms-render-modern\" id=\"wpforms-20\"><form id=\"wpforms-form-20\" class=\"wpforms-validate wpforms-form wpforms-ajax-form\" data-formid=\"20\" method=\"post\" enctype=\"multipart\/form-data\" action=\"\/index.php\/wp-json\/wp\/v2\/pages\/18\" data-token=\"de195deffb05c08a6cfd8cbb0cddf1a3\" data-token-time=\"1777523478\"><noscript class=\"wpforms-error-noscript\">Veuillez activer JavaScript dans votre navigateur pour remplir ce formulaire.<\/noscript><div id=\"wpforms-error-noscript\" style=\"display: none;\">Veuillez activer JavaScript dans votre navigateur pour remplir ce formulaire.<\/div><div class=\"wpforms-field-container\"><div id=\"wpforms-20-field_1-container\" class=\"wpforms-field wpforms-field-name\" data-field-id=\"1\"><fieldset><legend class=\"wpforms-field-label\">Nom <span class=\"wpforms-required-label\" aria-hidden=\"true\">*<\/span><\/legend><div class=\"wpforms-field-row wpforms-field-medium\"><div class=\"wpforms-field-row-block wpforms-first wpforms-one-half\"><input type=\"text\" id=\"wpforms-20-field_1\" class=\"wpforms-field-name-first wpforms-field-required\" name=\"wpforms[fields][1][first]\" aria-errormessage=\"wpforms-20-field_1-error\" required><label for=\"wpforms-20-field_1\" class=\"wpforms-field-sublabel after\">Pr\u00e9nom<\/label><\/div><div class=\"wpforms-field-row-block wpforms-one-half\"><input type=\"text\" id=\"wpforms-20-field_1-last\" class=\"wpforms-field-name-last wpforms-field-required\" name=\"wpforms[fields][1][last]\" aria-errormessage=\"wpforms-20-field_1-last-error\" required><label for=\"wpforms-20-field_1-last\" class=\"wpforms-field-sublabel after\">Nom<\/label><\/div><\/div><\/fieldset><\/div>\t\t<div id=\"wpforms-20-field_4-container\"\n\t\t\tclass=\"wpforms-field wpforms-field-text\"\n\t\t\tdata-field-type=\"text\"\n\t\t\tdata-field-id=\"4\"\n\t\t\t>\n\t\t\t<label class=\"wpforms-field-label\" for=\"wpforms-20-field_4\" >E-mail Commentaire ou<\/label>\n\t\t\t<input type=\"text\" id=\"wpforms-20-field_4\" class=\"wpforms-field-medium\" name=\"wpforms[fields][4]\" >\n\t\t<\/div>\n\t\t<div id=\"wpforms-20-field_2-container\" class=\"wpforms-field wpforms-field-email\" data-field-id=\"2\"><label class=\"wpforms-field-label\" for=\"wpforms-20-field_2\">E-mail <span class=\"wpforms-required-label\" aria-hidden=\"true\">*<\/span><\/label><input type=\"email\" id=\"wpforms-20-field_2\" class=\"wpforms-field-medium wpforms-field-required\" name=\"wpforms[fields][2]\" spellcheck=\"false\" aria-errormessage=\"wpforms-20-field_2-error\" required><\/div><div id=\"wpforms-20-field_3-container\" class=\"wpforms-field wpforms-field-textarea\" data-field-id=\"3\"><label class=\"wpforms-field-label\" for=\"wpforms-20-field_3\">Commentaire ou message<\/label><textarea id=\"wpforms-20-field_3\" class=\"wpforms-field-medium\" name=\"wpforms[fields][3]\" aria-errormessage=\"wpforms-20-field_3-error\" ><\/textarea><\/div><script>\n\t\t\t\t( function() {\n\t\t\t\t\tconst style = document.createElement( 'style' );\n\t\t\t\t\tstyle.appendChild( document.createTextNode( '#wpforms-20-field_4-container { position: absolute !important; overflow: hidden !important; display: inline !important; height: 1px !important; width: 1px !important; z-index: -1000 !important; padding: 0 !important; } #wpforms-20-field_4-container input { visibility: hidden; } #wpforms-conversational-form-page #wpforms-20-field_4-container label { counter-increment: none; }' ) );\n\t\t\t\t\tdocument.head.appendChild( style );\n\t\t\t\t\tdocument.currentScript?.remove();\n\t\t\t\t} )();\n\t\t\t<\/script><\/div><!-- .wpforms-field-container --><div class=\"wpforms-submit-container\" ><input type=\"hidden\" name=\"wpforms[id]\" value=\"20\"><input type=\"hidden\" name=\"page_title\" value=\"\"><input type=\"hidden\" name=\"page_url\" value=\"https:\/\/www.rkz-distribution.com\/index.php\/wp-json\/wp\/v2\/pages\/18\"><input type=\"hidden\" name=\"url_referer\" value=\"\"><button type=\"submit\" name=\"wpforms[submit]\" id=\"wpforms-submit-20\" class=\"wpforms-submit\" data-alt-text=\"Envoi...\" data-submit-text=\"Envoyer\" aria-live=\"assertive\" value=\"wpforms-submit\">Envoyer<\/button><img decoding=\"async\" src=\"https:\/\/www.rkz-distribution.com\/wp-content\/plugins\/wpforms-lite\/assets\/images\/submit-spin.svg\" class=\"wpforms-submit-spinner\" style=\"display: none;\" width=\"26\" height=\"26\" alt=\"Chargement en cours\"><\/div><\/form><\/div>  <!-- .wpforms-container -->\t\t\t\t<\/div>\n\t\t\t\t<\/div>\n\t\t\t\t<\/div>\n\t\t\t\t\t<\/div>\n\t\t\t\t<\/div>\n\t\t<div class=\"elementor-element elementor-element-ba41e36 e-flex e-con-boxed e-con e-parent\" data-id=\"ba41e36\" data-element_type=\"container\" data-e-type=\"container\">\n\t\t\t\t\t<div class=\"e-con-inner\">\n\t\t\t\t<div class=\"elementor-element elementor-element-445582b elementor-widget elementor-widget-spacer\" data-id=\"445582b\" data-element_type=\"widget\" data-e-type=\"widget\" data-widget_type=\"spacer.default\">\n\t\t\t\t<div class=\"elementor-widget-container\">\n\t\t\t\t\t\t\t<div class=\"elementor-spacer\">\n\t\t\t<div class=\"elementor-spacer-inner\"><\/div>\n\t\t<\/div>\n\t\t\t\t\t\t<\/div>\n\t\t\t\t<\/div>\n\t\t\t\t\t<\/div>\n\t\t\t\t<\/div>\n\t\t<div class=\"elementor-element elementor-element-3f65252 e-con-full elementor-hidden-mobile e-flex e-con e-parent\" data-id=\"3f65252\" data-element_type=\"container\" data-e-type=\"container\">\n\t\t\t\t<div class=\"elementor-element elementor-element-4ce29da elementor-widget elementor-widget-google_maps\" data-id=\"4ce29da\" data-element_type=\"widget\" data-e-type=\"widget\" data-widget_type=\"google_maps.default\">\n\t\t\t\t<div class=\"elementor-widget-container\">\n\t\t\t\t\t\t\t<div class=\"elementor-custom-embed\">\n\t\t\t<iframe loading=\"lazy\"\n\t\t\t\t\tsrc=\"https:\/\/maps.google.com\/maps?q=bordeaux&#038;t=m&#038;z=10&#038;output=embed&#038;iwloc=near\"\n\t\t\t\t\ttitle=\"bordeaux\"\n\t\t\t\t\taria-label=\"bordeaux\"\n\t\t\t><\/iframe>\n\t\t<\/div>\n\t\t\t\t\t\t<\/div>\n\t\t\t\t<\/div>\n\t\t\t\t<\/div>\n\t\t\t\t<\/div>\n\t\t","protected":false},"excerpt":{"rendered":"<p>Ouvrir un compte chez RKZ|Distribution Notre \u00e9quipe est \u00e0 votre \u00e9coute \u2013 contactez-nous. Nous contacter Professionnels, pour vos besoins en t\u00e9l\u00e9phones, tablettes et accessoires, faites confiance \u00e0 un distributeur r\u00e9actif et \u00e0 votre \u00e9coute.\u00a0 09.75.31.79.22 contact@rkz-distribution.com Ouvrir un compte chez RKZ|Distribution Veuillez activer JavaScript dans votre navigateur pour remplir ce formulaire.Veuillez activer JavaScript dans votre [&hellip;]<\/p>\n","protected":false},"author":2,"featured_media":0,"parent":0,"menu_order":0,"comment_status":"closed","ping_status":"closed","template":"","meta":{"footnotes":""},"class_list":["post-18","page","type-page","status-publish","hentry"],"yoast_head":"<!-- This site is optimized with the Yoast SEO plugin v27.5 - https:\/\/yoast.com\/product\/yoast-seo-wordpress\/ -->\n<title>Ouvrir un Compte Chez RKZ|Distribution<\/title>\n<meta name=\"description\" content=\"Ouvrir un Compte chez RKZ|Distribution c&#039;est acc\u00e9der \u00e0 nos tarifs et services d\u00e9di\u00e9s aux professionnels. Rejoignez-nous.\" \/>\n<meta name=\"robots\" content=\"index, follow, max-snippet:-1, max-image-preview:large, max-video-preview:-1\" \/>\n<link rel=\"canonical\" href=\"https:\/\/www.rkz-distribution.com\/index.php\/nous-contacter\/\" \/>\n<meta property=\"og:locale\" content=\"fr_FR\" \/>\n<meta property=\"og:type\" content=\"article\" \/>\n<meta property=\"og:title\" content=\"Ouvrir un Compte Chez RKZ|Distribution\" \/>\n<meta property=\"og:description\" content=\"Ouvrir un Compte chez RKZ|Distribution c&#039;est acc\u00e9der \u00e0 nos tarifs et services d\u00e9di\u00e9s aux professionnels. Rejoignez-nous.\" \/>\n<meta property=\"og:url\" content=\"https:\/\/www.rkz-distribution.com\/index.php\/nous-contacter\/\" \/>\n<meta property=\"og:site_name\" content=\"RKZ | Distribution - Grossiste Smartphones &amp; Tablettes\" \/>\n<meta property=\"article:modified_time\" content=\"2025-06-23T12:36:05+00:00\" \/>\n<meta property=\"og:image\" content=\"http:\/\/www.rkz-distribution.com\/wp-content\/uploads\/2025\/06\/brandmark-design-3-1024x119.png\" \/>\n<meta name=\"twitter:card\" content=\"summary_large_image\" \/>\n<meta name=\"twitter:label1\" content=\"Dur\u00e9e de lecture estim\u00e9e\" \/>\n\t<meta name=\"twitter:data1\" content=\"1 minute\" \/>\n<script type=\"application\/ld+json\" class=\"yoast-schema-graph\">{\"@context\":\"https:\\\/\\\/schema.org\",\"@graph\":[{\"@type\":\"WebPage\",\"@id\":\"https:\\\/\\\/www.rkz-distribution.com\\\/index.php\\\/nous-contacter\\\/\",\"url\":\"https:\\\/\\\/www.rkz-distribution.com\\\/index.php\\\/nous-contacter\\\/\",\"name\":\"Ouvrir un Compte Chez RKZ|Distribution\",\"isPartOf\":{\"@id\":\"https:\\\/\\\/www.rkz-distribution.com\\\/#website\"},\"primaryImageOfPage\":{\"@id\":\"https:\\\/\\\/www.rkz-distribution.com\\\/index.php\\\/nous-contacter\\\/#primaryimage\"},\"image\":{\"@id\":\"https:\\\/\\\/www.rkz-distribution.com\\\/index.php\\\/nous-contacter\\\/#primaryimage\"},\"thumbnailUrl\":\"http:\\\/\\\/www.rkz-distribution.com\\\/wp-content\\\/uploads\\\/2025\\\/06\\\/brandmark-design-3-1024x119.png\",\"datePublished\":\"2025-06-05T08:14:40+00:00\",\"dateModified\":\"2025-06-23T12:36:05+00:00\",\"description\":\"Ouvrir un Compte chez RKZ|Distribution c'est acc\u00e9der \u00e0 nos tarifs et services d\u00e9di\u00e9s aux professionnels. Rejoignez-nous.\",\"breadcrumb\":{\"@id\":\"https:\\\/\\\/www.rkz-distribution.com\\\/index.php\\\/nous-contacter\\\/#breadcrumb\"},\"inLanguage\":\"fr-FR\",\"potentialAction\":[{\"@type\":\"ReadAction\",\"target\":[\"https:\\\/\\\/www.rkz-distribution.com\\\/index.php\\\/nous-contacter\\\/\"]}]},{\"@type\":\"ImageObject\",\"inLanguage\":\"fr-FR\",\"@id\":\"https:\\\/\\\/www.rkz-distribution.com\\\/index.php\\\/nous-contacter\\\/#primaryimage\",\"url\":\"http:\\\/\\\/www.rkz-distribution.com\\\/wp-content\\\/uploads\\\/2025\\\/06\\\/brandmark-design-3-1024x119.png\",\"contentUrl\":\"http:\\\/\\\/www.rkz-distribution.com\\\/wp-content\\\/uploads\\\/2025\\\/06\\\/brandmark-design-3-1024x119.png\"},{\"@type\":\"BreadcrumbList\",\"@id\":\"https:\\\/\\\/www.rkz-distribution.com\\\/index.php\\\/nous-contacter\\\/#breadcrumb\",\"itemListElement\":[{\"@type\":\"ListItem\",\"position\":1,\"name\":\"Accueil\",\"item\":\"https:\\\/\\\/www.rkz-distribution.com\\\/\"},{\"@type\":\"ListItem\",\"position\":2,\"name\":\"Nous contacter\"}]},{\"@type\":\"WebSite\",\"@id\":\"https:\\\/\\\/www.rkz-distribution.com\\\/#website\",\"url\":\"https:\\\/\\\/www.rkz-distribution.com\\\/\",\"name\":\"RKZ | Distribution - Grossiste Smartphones & Tablettes\",\"description\":\"\",\"publisher\":{\"@id\":\"https:\\\/\\\/www.rkz-distribution.com\\\/#organization\"},\"potentialAction\":[{\"@type\":\"SearchAction\",\"target\":{\"@type\":\"EntryPoint\",\"urlTemplate\":\"https:\\\/\\\/www.rkz-distribution.com\\\/?s={search_term_string}\"},\"query-input\":{\"@type\":\"PropertyValueSpecification\",\"valueRequired\":true,\"valueName\":\"search_term_string\"}}],\"inLanguage\":\"fr-FR\"},{\"@type\":\"Organization\",\"@id\":\"https:\\\/\\\/www.rkz-distribution.com\\\/#organization\",\"name\":\"RKZ | Distribution\",\"url\":\"https:\\\/\\\/www.rkz-distribution.com\\\/\",\"logo\":{\"@type\":\"ImageObject\",\"inLanguage\":\"fr-FR\",\"@id\":\"https:\\\/\\\/www.rkz-distribution.com\\\/#\\\/schema\\\/logo\\\/image\\\/\",\"url\":\"https:\\\/\\\/www.rkz-distribution.com\\\/wp-content\\\/uploads\\\/2025\\\/06\\\/brandmark-design-3.png\",\"contentUrl\":\"https:\\\/\\\/www.rkz-distribution.com\\\/wp-content\\\/uploads\\\/2025\\\/06\\\/brandmark-design-3.png\",\"width\":1686,\"height\":196,\"caption\":\"RKZ | Distribution\"},\"image\":{\"@id\":\"https:\\\/\\\/www.rkz-distribution.com\\\/#\\\/schema\\\/logo\\\/image\\\/\"}}]}<\/script>\n<!-- \/ Yoast SEO plugin. -->","yoast_head_json":{"title":"Ouvrir un Compte Chez RKZ|Distribution","description":"Ouvrir un Compte chez RKZ|Distribution c'est acc\u00e9der \u00e0 nos tarifs et services d\u00e9di\u00e9s aux professionnels. Rejoignez-nous.","robots":{"index":"index","follow":"follow","max-snippet":"max-snippet:-1","max-image-preview":"max-image-preview:large","max-video-preview":"max-video-preview:-1"},"canonical":"https:\/\/www.rkz-distribution.com\/index.php\/nous-contacter\/","og_locale":"fr_FR","og_type":"article","og_title":"Ouvrir un Compte Chez RKZ|Distribution","og_description":"Ouvrir un Compte chez RKZ|Distribution c'est acc\u00e9der \u00e0 nos tarifs et services d\u00e9di\u00e9s aux professionnels. Rejoignez-nous.","og_url":"https:\/\/www.rkz-distribution.com\/index.php\/nous-contacter\/","og_site_name":"RKZ | Distribution - Grossiste Smartphones &amp; Tablettes","article_modified_time":"2025-06-23T12:36:05+00:00","og_image":[{"url":"http:\/\/www.rkz-distribution.com\/wp-content\/uploads\/2025\/06\/brandmark-design-3-1024x119.png","type":"","width":"","height":""}],"twitter_card":"summary_large_image","twitter_misc":{"Dur\u00e9e de lecture estim\u00e9e":"1 minute"},"schema":{"@context":"https:\/\/schema.org","@graph":[{"@type":"WebPage","@id":"https:\/\/www.rkz-distribution.com\/index.php\/nous-contacter\/","url":"https:\/\/www.rkz-distribution.com\/index.php\/nous-contacter\/","name":"Ouvrir un Compte Chez RKZ|Distribution","isPartOf":{"@id":"https:\/\/www.rkz-distribution.com\/#website"},"primaryImageOfPage":{"@id":"https:\/\/www.rkz-distribution.com\/index.php\/nous-contacter\/#primaryimage"},"image":{"@id":"https:\/\/www.rkz-distribution.com\/index.php\/nous-contacter\/#primaryimage"},"thumbnailUrl":"http:\/\/www.rkz-distribution.com\/wp-content\/uploads\/2025\/06\/brandmark-design-3-1024x119.png","datePublished":"2025-06-05T08:14:40+00:00","dateModified":"2025-06-23T12:36:05+00:00","description":"Ouvrir un Compte chez RKZ|Distribution c'est acc\u00e9der \u00e0 nos tarifs et services d\u00e9di\u00e9s aux professionnels. Rejoignez-nous.","breadcrumb":{"@id":"https:\/\/www.rkz-distribution.com\/index.php\/nous-contacter\/#breadcrumb"},"inLanguage":"fr-FR","potentialAction":[{"@type":"ReadAction","target":["https:\/\/www.rkz-distribution.com\/index.php\/nous-contacter\/"]}]},{"@type":"ImageObject","inLanguage":"fr-FR","@id":"https:\/\/www.rkz-distribution.com\/index.php\/nous-contacter\/#primaryimage","url":"http:\/\/www.rkz-distribution.com\/wp-content\/uploads\/2025\/06\/brandmark-design-3-1024x119.png","contentUrl":"http:\/\/www.rkz-distribution.com\/wp-content\/uploads\/2025\/06\/brandmark-design-3-1024x119.png"},{"@type":"BreadcrumbList","@id":"https:\/\/www.rkz-distribution.com\/index.php\/nous-contacter\/#breadcrumb","itemListElement":[{"@type":"ListItem","position":1,"name":"Accueil","item":"https:\/\/www.rkz-distribution.com\/"},{"@type":"ListItem","position":2,"name":"Nous contacter"}]},{"@type":"WebSite","@id":"https:\/\/www.rkz-distribution.com\/#website","url":"https:\/\/www.rkz-distribution.com\/","name":"RKZ | Distribution - Grossiste Smartphones & Tablettes","description":"","publisher":{"@id":"https:\/\/www.rkz-distribution.com\/#organization"},"potentialAction":[{"@type":"SearchAction","target":{"@type":"EntryPoint","urlTemplate":"https:\/\/www.rkz-distribution.com\/?s={search_term_string}"},"query-input":{"@type":"PropertyValueSpecification","valueRequired":true,"valueName":"search_term_string"}}],"inLanguage":"fr-FR"},{"@type":"Organization","@id":"https:\/\/www.rkz-distribution.com\/#organization","name":"RKZ | Distribution","url":"https:\/\/www.rkz-distribution.com\/","logo":{"@type":"ImageObject","inLanguage":"fr-FR","@id":"https:\/\/www.rkz-distribution.com\/#\/schema\/logo\/image\/","url":"https:\/\/www.rkz-distribution.com\/wp-content\/uploads\/2025\/06\/brandmark-design-3.png","contentUrl":"https:\/\/www.rkz-distribution.com\/wp-content\/uploads\/2025\/06\/brandmark-design-3.png","width":1686,"height":196,"caption":"RKZ | Distribution"},"image":{"@id":"https:\/\/www.rkz-distribution.com\/#\/schema\/logo\/image\/"}}]}},"_links":{"self":[{"href":"https:\/\/www.rkz-distribution.com\/index.php\/wp-json\/wp\/v2\/pages\/18","targetHints":{"allow":["GET"]}}],"collection":[{"href":"https:\/\/www.rkz-distribution.com\/index.php\/wp-json\/wp\/v2\/pages"}],"about":[{"href":"https:\/\/www.rkz-distribution.com\/index.php\/wp-json\/wp\/v2\/types\/page"}],"author":[{"embeddable":true,"href":"https:\/\/www.rkz-distribution.com\/index.php\/wp-json\/wp\/v2\/users\/2"}],"replies":[{"embeddable":true,"href":"https:\/\/www.rkz-distribution.com\/index.php\/wp-json\/wp\/v2\/comments?post=18"}],"version-history":[{"count":104,"href":"https:\/\/www.rkz-distribution.com\/index.php\/wp-json\/wp\/v2\/pages\/18\/revisions"}],"predecessor-version":[{"id":1904,"href":"https:\/\/www.rkz-distribution.com\/index.php\/wp-json\/wp\/v2\/pages\/18\/revisions\/1904"}],"wp:attachment":[{"href":"https:\/\/www.rkz-distribution.com\/index.php\/wp-json\/wp\/v2\/media?parent=18"}],"curies":[{"name":"wp","href":"https:\/\/api.w.org\/{rel}","templated":true}]}}